{"id":792,"date":"2020-11-21T16:25:15","date_gmt":"2020-11-21T15:25:15","guid":{"rendered":"https:\/\/www.auroraischia.it\/privacy-policy\/"},"modified":"2022-03-28T16:49:29","modified_gmt":"2022-03-28T14:49:29","slug":"privacy-policy","status":"publish","type":"page","link":"https:\/\/www.auroraischia.it\/en\/privacy-policy\/","title":{"rendered":"Privacy Policy"},"content":{"rendered":"<div class=\"fusion-fullwidth fullwidth-box fusion-builder-row-1 fusion-flex-container nonhundred-percent-fullwidth non-hundred-percent-height-scrolling\" style=\"--awb-border-radius-top-left:0px;--awb-border-radius-top-right:0px;--awb-border-radius-bottom-right:0px;--awb-border-radius-bottom-left:0px;--awb-flex-wrap:wrap;\" ><div class=\"fusion-builder-row fusion-row fusion-flex-align-items-flex-start fusion-flex-content-wrap\" style=\"max-width:1248px;margin-left: calc(-4% \/ 2 );margin-right: calc(-4% \/ 2 );\"><div class=\"fusion-layout-column fusion_builder_column fusion-builder-column-0 fusion_builder_column_1_1 1_1 fusion-flex-column\" style=\"--awb-bg-size:cover;--awb-width-large:100%;--awb-margin-top-large:0px;--awb-spacing-right-large:1.92%;--awb-margin-bottom-large:20px;--awb-spacing-left-large:1.92%;--awb-width-medium:100%;--awb-spacing-right-medium:1.92%;--awb-spacing-left-medium:1.92%;--awb-width-small:100%;--awb-spacing-right-small:1.92%;--awb-spacing-left-small:1.92%;\"><div class=\"fusion-column-wrapper fusion-flex-justify-content-flex-start fusion-content-layout-column\"><div class=\"fusion-text fusion-text-1\"><h2>INFORMATIVA PRIVACY GDPR 2016\/679<\/h2>\n<p><strong>Ischia Holiday 4 Season di Buono Agostino<\/strong>, con sede in Via G. Battista Vico, 111 &#8211; 80077 Ischia(NA), CF BNU GTN 85H22 E329O e P.Iva 08712761215 (in seguito, \u201cTitolare\u201d), in qualit\u00e0 di titolare del trattamento, la informa ai sensi dell\u2019art. 13 D.Lgs. 30.6.2003 n. 196 (in seguito, \u201cCodice Privacy\u201d) e dell\u2019art. 13 Regolamento UE n. 2016\/679 (in seguito, \u201cGDPR\u201d) che i suoi dati saranno trattati con le modalit\u00e0 e per le finalit\u00e0 seguenti: <strong>1) Oggetto del trattamento<\/strong> Il Titolare tratta i dati personali, identificativi e non sensibili (in particolare, nome, cognome, codice fiscale, p. iva, email, numero telefonico \u2013 in seguito, \u201cdati personali\u201d o anche \u201cdati\u201d) da lei comunicati in fase di registrazione al sito web del Titolare e\/o all\u2019atto dell\u2019iscrizione al servizio di newsletter offerto dal Titolare. <strong>2) Finalit\u00e0 del trattamento<\/strong> I suoi dati personali sono trattati:<\/p>\n<ol>\n<li><strong>A)\u00a0<\/strong>Senza il suo consenso espresso (art. 24 lett. a, b, c Codice Privacy e art. 6 lett. b, e GDPR), per le seguenti finalit\u00e0 di Servizio:<\/li>\n<\/ol>\n<ul>\n<li>Permettere di registrarsi al sito web;<\/li>\n<li>Gestire e mantenere il sito web;<\/li>\n<li>Permettere l\u2019iscrizione al servizio di newsletter fornito dal Titolare e degli ulteriori Servizi eventualmente da lei richiesti;<\/li>\n<li>Adempiere agli obblighi precontrattuali, contrattuali e fiscali derivanti da rapporti con lei, in essere;<\/li>\n<li>Adempiere agli obblighi previsti dalla legge, da un regolamento, dalla normativa comunitaria o da un ordine dell\u2019Autorit\u00e0;<\/li>\n<li>Prevenire o scoprire attivit\u00e0 fraudolente o abusi dannosi per il sito web;<\/li>\n<li>Esercitare i diritti del Titolare, ad esempio il diritto di difesa in giudizio.<\/li>\n<li>Visualizzazione di contenuti da piattaforme esterne (Google Font, Google Maps)<\/li>\n<li>Raccolta di statistiche in modo diretto con Google Analytics con IP anonimizzato<\/li>\n<\/ul>\n<ol>\n<li><strong>B)\u00a0<\/strong>Solo previo suo specifico e distinto consenso (artt. 23 e 130 Codice Privacy e art. 7 GDPR), per le seguenti Finalit\u00e0 di Marketing:<\/li>\n<\/ol>\n<ul>\n<li>Inviarle via email newsletter, comunicazioni commerciali e\/o materiale pubblicitario su prodotti o servizi offerti dal Titolare. Le segnaliamo che se \u00e8 gi\u00e0 nostro cliente, potremo inviarle comunicazioni commerciali relative a servizi e prodotti del Titolare analoghi a quelli di cui hai gi\u00e0 usufruito, salvo suo dissenso (art. 130 c. 4 Codice Privacy).<\/li>\n<\/ul>\n<p><strong>3) Modalit\u00e0 del trattamento<\/strong> Il trattamento dei suoi dati personali \u00e8 realizzato per mezzo delle operazioni indicate all\u2019art. 4 Codice Privacy e all\u2019art. 4 n. 2) GDPR e precisamente: raccolta, registrazione, organizzazione, conservazione, consultazione, elaborazione, modificazione, selezione, estrazione, raffronto, utilizzo, interconnessione, blocco, comunicazione, cancellazione e distruzione dei dati. I suoi dati personali sono sottoposti a trattamento sia cartaceo sia elettronico che automatizzato. Il Titolare tratter\u00e0 i dati personali per il tempo necessario per adempiere alle finalit\u00e0 di cui sopra e comunque per non oltre 10 anni dalla cessazione del rapporto per le Finalit\u00e0 di Servizio e per non oltre 2 anni dalla raccolta dei dati per le Finalit\u00e0 di Marketing. <strong>4) Accesso ai dati<\/strong> I suoi dati potranno essere resi accessibili per le finalit\u00e0 di cui all\u2019art. 2.A) e 2.B):<\/p>\n<ul>\n<li>A dipendenti e collaboratori del Titolare, nella loro qualit\u00e0 di incaricati e\/o responsabili interni del trattamento e\/o amministratori di sistema;<\/li>\n<li>A societ\u00e0 esterne per attivit\u00e0 di supporto nello studio della fattibilit\u00e0 del progetto del cliente, per attivit\u00e0 di gestione tecnica del progetto, per lo storage dei dati personali, etc.) o a terzi soggetti (ad esempio, provider per la gestione e manutenzione del sito web, fornitori, istituti di credito, studi professionali, etc) che svolgono attivit\u00e0 in outsourcing per conto del Titolare, nella loro qualit\u00e0 di responsabili esterni del trattamento.<\/li>\n<\/ul>\n<p><strong>5) Comunicazione dei dati<\/strong> Senza suo espresso consenso (ex art. 24 lett. a), b), d) Codice Privacy e art. 6 lett. b) e c) GDPR), il Titolare potr\u00e0 comunicare i suoi dati per le finalit\u00e0 di cui all\u2019art. 2.A) a Organismi di vigilanza, Autorit\u00e0 giudiziarie nonch\u00e9 a tutti gli altri soggetti ai quali la comunicazione sia obbligatoria per legge per l\u2019espletamento delle finalit\u00e0 dette. I suoi dati non saranno diffusi. <strong>6) Trasferimento dati<\/strong> La gestione e la conservazione dei dati personali avverr\u00e0 su server ubicati all\u2019interno dell\u2019Unione Europea del Titolare e\/o di societ\u00e0 terze incaricate e debitamente nominate quali Responsabili del trattamento. Attualmente i nostri server sono situati in Italia. I dati non saranno oggetto di trasferimento al di fuori dell\u2019Unione Europea. Resta in ogni caso inteso che il Titolare, ove si rendesse necessario, avr\u00e0 facolt\u00e0 di spostare l\u2019ubicazione dei server in Italia e\/o Unione Europea e\/o Paesi extra-UE. In tal caso, il Titolare assicura sin d\u2019ora che il trasferimento dei dati extra-UE avverr\u00e0 in conformit\u00e0 alle disposizioni di legge applicabili stipulando, se necessario, accordi che garantiscano un livello di protezione adeguato e\/o adottando le clausole contrattuali standard previste dalla Commissione Europea. <strong>7) Natura del conferimento dei dati e conseguenze del rifiuto di rispondere<\/strong> Il conferimento dei dati per le finalit\u00e0 di cui all\u2019art. 2.A) \u00e8 obbligatorio. In loro assenza, non potremo garantirle n\u00e9 la registrazione al sito n\u00e9 i Servizi dell\u2019art. 2.A).\u00a0Il conferimento dei dati per le finalit\u00e0 di cui all\u2019art. 2.B) \u00e8 invece facoltativo. Pu\u00f2 quindi decidere di non conferire alcun dato o di negare successivamente la possibilit\u00e0 di trattare dati gi\u00e0 forniti: in tal caso, non potr\u00e0 ricevere newsletter, comunicazioni commerciali e materiale pubblicitario inerenti ai Servizi offerti dal Titolare. In ogni caso continuer\u00e0 ad avere diritto ai Servizi di cui all\u2019art. 2.A). <strong>8) Diritti dell\u2019interessato\u00a0<\/strong> Nella sua qualit\u00e0 di interessato, ha i diritti di cui all\u2019art. 7 Codice Privacy e art. 15 GDPR e precisamente i diritti di:<\/p>\n<ol>\n<li>A) Ottenere la conferma dell\u2019esistenza o meno di dati personali che la riguardano, anche se non ancora registrati, e la loro comunicazione in forma intelligibile;<\/li>\n<li>B) Ottenere l\u2019indicazione:<\/li>\n<\/ol>\n<ul>\n<li>Dell\u2019origine dei dati personali;<\/li>\n<li>Delle finalit\u00e0 e modalit\u00e0 del trattamento;<\/li>\n<li>Della logica applicata in caso di trattamento effettuato con l\u2019ausilio di strumenti elettronici;<\/li>\n<li>Degli estremi identificativi del titolare, dei responsabili e del rappresentante designato ai sensi dell\u2019art. 5, comma 2 Codice Privacy e art. 3, comma 1, GDPR; e dei soggetti o delle categorie di soggetti ai quali i dati personali possono essere comunicati o che possono venirne a conoscenza in qualit\u00e0 di rappresentante designato nel territorio dello Stato, di responsabili o incaricati;<\/li>\n<\/ul>\n<ol>\n<li>C) Ottenere:<\/li>\n<\/ol>\n<ul>\n<li>L\u2019aggiornamento, la rettificazione ovvero, quando vi ha interesse, l\u2019integrazione dei dati;<\/li>\n<li>La cancellazione, la trasformazione in forma anonima o il blocco dei dati trattati in violazione di legge, compresi quelli di cui non \u00e8 necessaria la conservazione in relazione agli scopi per i quali i dati sono stati raccolti o successivamente trattati;<\/li>\n<li>L\u2019attestazione che le operazioni di cui agli art. 8.A) e B) sono state portate a conoscenza, anche per quanto riguarda il loro contenuto, di coloro ai quali i dati sono stati comunicati o diffusi, eccettuato il caso in cui tale adempimento si rivela impossibile o comporta un impiego di mezzi manifestamente sproporzionato rispetto al diritto tutelato;<\/li>\n<\/ul>\n<ol>\n<li>D) Opporsi, in tutto o in parte:<\/li>\n<\/ol>\n<ul>\n<li>Per motivi legittimi al trattamento dei dati personali che la riguardano, ancorch\u00e9 pertinenti allo scopo della raccolta;<\/li>\n<li>Al trattamento di dati personali che la riguardano a fini di invio di materiale pubblicitario o di vendita diretta o per il compimento di ricerche di mercato o di comunicazione commerciale, mediante l\u2019uso di sistemi automatizzati di chiamata senza l\u2019intervento di un operatore mediante email e\/o mediante modalit\u00e0 di marketing tradizionali mediante telefono e\/o posta cartacea. Si fa presente che il diritto di opposizione dell\u2019interessato, esposto al precedente punto B), per finalit\u00e0 di marketing diretto mediante modalit\u00e0 automatizzate si estende a quelle tradizionali e che comunque resta salva la possibilit\u00e0 per l\u2019interessato di esercitare il diritto di opposizione anche solo in parte. Pertanto, l\u2019interessato pu\u00f2 decidere di ricevere solo comunicazioni mediante modalit\u00e0 tradizionali ovvero solo comunicazioni automatizzate oppure nessuna delle due tipologie di comunicazione.<\/li>\n<li>Ove applicabili, ha altres\u00ec i diritti di cui agli artt. 16-21 GDPR (Diritto di rettifica, diritto all\u2019oblio, diritto di limitazione di trattamento, diritto alla portabilit\u00e0 dei dati, diritto di opposizione), nonch\u00e9 il diritto di reclamo all\u2019Autorit\u00e0 Garante.<\/li>\n<\/ul>\n<p><strong>9) Modalit\u00e0 di esercizio dei diritti<\/strong> Potr\u00e0 in qualsiasi momento esercitare i suoi diritti inviando:<\/p>\n<ul>\n<li>Una raccomandata A.R. indirizzata a: <strong>Ischia Holiday 4 Season di Buono Agostino<\/strong>, con sede in Via G. Battista Vico, 111 &#8211; 80077 Ischia (NA)<\/li>\n<li>Una e-mail all\u2019indirizzo <a href=\"mailto:residenceauroraischia@gmail.com\">residenceauroraischia@gmail.com<\/a><\/li>\n<li>Una PEC all\u2019indirizzo <a href=\"mailto:buonoagostino@pec.it\">buonoagostino@pec.it<\/a><\/li>\n<\/ul>\n<p><strong>10) Minori<\/strong> Questo sito e i servizi del Titolare non sono destinati a minori di 18 anni e il Titolare non raccoglie intenzionalmente informazioni personali riferite ai minori. Nel caso in cui informazioni su minori fossero involontariamente registrate, il Titolare le canceller\u00e0 in modo tempestivo, su richiesta degli utenti. <strong>11) Titolare, responsabile e incaricati<\/strong> Il Titolare del trattamento \u00e8 <strong>Ischia Holiday 4 Season di Buono Agostino<\/strong>, con sede in Via G. Battista Vico, 111 &#8211; 80077 Ischia (NA). L\u2019elenco aggiornato dei responsabili e degli incaricati al trattamento \u00e8 custodito presso la sede del Titolare del trattamento. <strong>12) Modifiche alla presente Informativa\u00a0<\/strong> La presente Informativa pu\u00f2 subire variazioni. Si consiglia, quindi, di controllare regolarmente questa Informativa e di riferirsi alla versione pi\u00f9 aggiornata.<\/p>\n<p><strong>Data ultima modifica 12\/10\/2021<\/strong><\/p>\n<\/div><\/div><\/div><\/div><\/div>\n","protected":false},"excerpt":{"rendered":"","protected":false},"author":1,"featured_media":0,"parent":0,"menu_order":0,"comment_status":"closed","ping_status":"open","template":"","meta":{"_acf_changed":false,"footnotes":""},"class_list":["post-792","page","type-page","status-publish","hentry"],"acf":[],"yoast_head":"<!-- This site is optimized with the Yoast SEO plugin v23.8 - https:\/\/yoast.com\/wordpress\/plugins\/seo\/ -->\n<title>Privacy Policy - Residence Aurora<\/title>\n<meta name=\"robots\" content=\"index, follow, max-snippet:-1, max-image-preview:large, max-video-preview:-1\" \/>\n<link rel=\"canonical\" href=\"https:\/\/www.auroraischia.it\/en\/privacy-policy\/\" \/>\n<meta property=\"og:locale\" content=\"en_US\" \/>\n<meta property=\"og:type\" content=\"article\" \/>\n<meta property=\"og:title\" content=\"Privacy Policy - Residence Aurora\" \/>\n<meta property=\"og:url\" content=\"https:\/\/www.auroraischia.it\/en\/privacy-policy\/\" \/>\n<meta property=\"og:site_name\" content=\"Residence Aurora\" \/>\n<meta property=\"article:modified_time\" content=\"2022-03-28T14:49:29+00:00\" \/>\n<meta name=\"twitter:card\" content=\"summary_large_image\" \/>\n<meta name=\"twitter:label1\" content=\"Est. reading time\" \/>\n\t<meta name=\"twitter:data1\" content=\"9 minutes\" \/>\n<script type=\"application\/ld+json\" class=\"yoast-schema-graph\">{\"@context\":\"https:\/\/schema.org\",\"@graph\":[{\"@type\":\"WebPage\",\"@id\":\"https:\/\/www.auroraischia.it\/en\/privacy-policy\/\",\"url\":\"https:\/\/www.auroraischia.it\/en\/privacy-policy\/\",\"name\":\"Privacy Policy - Residence Aurora\",\"isPartOf\":{\"@id\":\"https:\/\/www.auroraischia.it\/en\/#website\"},\"datePublished\":\"2020-11-21T15:25:15+00:00\",\"dateModified\":\"2022-03-28T14:49:29+00:00\",\"breadcrumb\":{\"@id\":\"https:\/\/www.auroraischia.it\/en\/privacy-policy\/#breadcrumb\"},\"inLanguage\":\"en-US\",\"potentialAction\":[{\"@type\":\"ReadAction\",\"target\":[\"https:\/\/www.auroraischia.it\/en\/privacy-policy\/\"]}]},{\"@type\":\"BreadcrumbList\",\"@id\":\"https:\/\/www.auroraischia.it\/en\/privacy-policy\/#breadcrumb\",\"itemListElement\":[{\"@type\":\"ListItem\",\"position\":1,\"name\":\"Home\",\"item\":\"https:\/\/www.auroraischia.it\/en\/\"},{\"@type\":\"ListItem\",\"position\":2,\"name\":\"Privacy Policy\"}]},{\"@type\":\"WebSite\",\"@id\":\"https:\/\/www.auroraischia.it\/en\/#website\",\"url\":\"https:\/\/www.auroraischia.it\/en\/\",\"name\":\"Residence Aurora\",\"description\":\"Residence a Ischia\",\"potentialAction\":[{\"@type\":\"SearchAction\",\"target\":{\"@type\":\"EntryPoint\",\"urlTemplate\":\"https:\/\/www.auroraischia.it\/en\/?s={search_term_string}\"},\"query-input\":{\"@type\":\"PropertyValueSpecification\",\"valueRequired\":true,\"valueName\":\"search_term_string\"}}],\"inLanguage\":\"en-US\"}]}<\/script>\n<!-- \/ Yoast SEO plugin. -->","yoast_head_json":{"title":"Privacy Policy - Residence Aurora","robots":{"index":"index","follow":"follow","max-snippet":"max-snippet:-1","max-image-preview":"max-image-preview:large","max-video-preview":"max-video-preview:-1"},"canonical":"https:\/\/www.auroraischia.it\/en\/privacy-policy\/","og_locale":"en_US","og_type":"article","og_title":"Privacy Policy - Residence Aurora","og_url":"https:\/\/www.auroraischia.it\/en\/privacy-policy\/","og_site_name":"Residence Aurora","article_modified_time":"2022-03-28T14:49:29+00:00","twitter_card":"summary_large_image","twitter_misc":{"Est. reading time":"9 minutes"},"schema":{"@context":"https:\/\/schema.org","@graph":[{"@type":"WebPage","@id":"https:\/\/www.auroraischia.it\/en\/privacy-policy\/","url":"https:\/\/www.auroraischia.it\/en\/privacy-policy\/","name":"Privacy Policy - Residence Aurora","isPartOf":{"@id":"https:\/\/www.auroraischia.it\/en\/#website"},"datePublished":"2020-11-21T15:25:15+00:00","dateModified":"2022-03-28T14:49:29+00:00","breadcrumb":{"@id":"https:\/\/www.auroraischia.it\/en\/privacy-policy\/#breadcrumb"},"inLanguage":"en-US","potentialAction":[{"@type":"ReadAction","target":["https:\/\/www.auroraischia.it\/en\/privacy-policy\/"]}]},{"@type":"BreadcrumbList","@id":"https:\/\/www.auroraischia.it\/en\/privacy-policy\/#breadcrumb","itemListElement":[{"@type":"ListItem","position":1,"name":"Home","item":"https:\/\/www.auroraischia.it\/en\/"},{"@type":"ListItem","position":2,"name":"Privacy Policy"}]},{"@type":"WebSite","@id":"https:\/\/www.auroraischia.it\/en\/#website","url":"https:\/\/www.auroraischia.it\/en\/","name":"Residence Aurora","description":"Residence a Ischia","potentialAction":[{"@type":"SearchAction","target":{"@type":"EntryPoint","urlTemplate":"https:\/\/www.auroraischia.it\/en\/?s={search_term_string}"},"query-input":{"@type":"PropertyValueSpecification","valueRequired":true,"valueName":"search_term_string"}}],"inLanguage":"en-US"}]}},"_links":{"self":[{"href":"https:\/\/www.auroraischia.it\/en\/wp-json\/wp\/v2\/pages\/792","targetHints":{"allow":["GET"]}}],"collection":[{"href":"https:\/\/www.auroraischia.it\/en\/wp-json\/wp\/v2\/pages"}],"about":[{"href":"https:\/\/www.auroraischia.it\/en\/wp-json\/wp\/v2\/types\/page"}],"author":[{"embeddable":true,"href":"https:\/\/www.auroraischia.it\/en\/wp-json\/wp\/v2\/users\/1"}],"replies":[{"embeddable":true,"href":"https:\/\/www.auroraischia.it\/en\/wp-json\/wp\/v2\/comments?post=792"}],"version-history":[{"count":2,"href":"https:\/\/www.auroraischia.it\/en\/wp-json\/wp\/v2\/pages\/792\/revisions"}],"predecessor-version":[{"id":794,"href":"https:\/\/www.auroraischia.it\/en\/wp-json\/wp\/v2\/pages\/792\/revisions\/794"}],"wp:attachment":[{"href":"https:\/\/www.auroraischia.it\/en\/wp-json\/wp\/v2\/media?parent=792"}],"curies":[{"name":"wp","href":"https:\/\/api.w.org\/{rel}","templated":true}]}}